{"id":5292,"date":"2023-09-22T09:31:32","date_gmt":"2023-09-22T14:31:32","guid":{"rendered":"https:\/\/www.prolex.com\/politique-de-confidentialite\/"},"modified":"2024-02-16T12:23:17","modified_gmt":"2024-02-16T17:23:17","slug":"politique-de-confidentialite","status":"publish","type":"page","link":"https:\/\/www.prolex.com\/fr\/politique-de-confidentialite\/","title":{"rendered":"Politique de confidentialit\u00e9"},"content":{"rendered":"<p><strong>Responsable de la protection des renseignements personnels<\/strong><br \/>\nDaniel De Masi<br \/>\n<a href=\"mailto:danield@prolex.com\">danield@prolex.com<\/a><\/p>\n<p>Il est important pour <em>Prolex Electronics Inc.<\/em> respecter votre droit \u00e0 la vie priv\u00e9.\u00a0 C\u2019est dans cette optique que nous souhaitions vous informer de la mani\u00e8re dont <em>Prolex Electronics Inc.<\/em> recueille, utilise et prot\u00e8ge vos informations personnelles.<\/p>\n<ul>\n<li>Le site Internet de <em>Prolex Electronics Inc.<\/em> ne recueille aucun renseignement personnel sans que le visiteur y ait consenti.<\/li>\n<li>L\u2019unique fa\u00e7on dont sont recueillies les informations est par les formulaires d\u2019inscription et de demande de renseignements sur nos services que les visiteurs peuvent remplir via notre site.<\/li>\n<\/ul>\n<p>Toute information personnelle recueillie sur le site de <em>Prolex Electronics Inc.<\/em> est utilis\u00e9e par notre \u00e9quipe afin de mieux vous servir et, n\u2019est pas utilis\u00e9es \u00e0 d\u2019autres fins.<\/p>\n<h2>\u00c9nonc\u00e9 de confidentialit\u00e9<\/h2>\n<p>Ce site Web, comme de nombreux autres, fait appel aux outils\u00a0Google Analytics\u00a0 afin d\u2019analyser le comportement des utilisateurs sur <em>Prolex Electronics Inc.<\/em><\/p>\n<h2>Google Analytiques<\/h2>\n<p><em>Google Analytics<\/em>\u00a0est un service d\u2019analyse Web offert par Google. Google collige des donn\u00e9es anonymis\u00e9es recueillies pendant une session de navigation d\u2019un utilisateur, les classe et permet de les visualiser. Il recueille des donn\u00e9es notamment sur les habitudes de navigation (y compris les liens sur lesquels l\u2019utilisateur a cliqu\u00e9 et les pages qu\u2019il a visit\u00e9es), la r\u00e9gion d\u2019origine (selon le protocole\u00a0IP), la source du trafic (p.\u00a0ex., les sites r\u00e9f\u00e9rents), la langue pr\u00e9f\u00e9r\u00e9e, le type de navigateur et la taille de l\u2019\u00e9cran.<\/p>\n<p>Google peut se servir des donn\u00e9es recueillies pour contextualiser et personnaliser les annonces diffus\u00e9es par son propre r\u00e9seau de publicit\u00e9.<\/p>\n<p>Donn\u00e9es personnelles collig\u00e9es\u00a0: t\u00e9moins et donn\u00e9es relatives \u00e0 l\u2019utilisation<\/p>\n<p>Pour obtenir de plus amples renseignements, veuillez consulter la\u00a0<a href=\"https:\/\/www.google.com\/intl\/fr-CA\/policies\/privacy\/\" target=\"_blank\" rel=\"noreferrer noopener\">politique de confidentialit\u00e9 de Google<\/a>.<\/p>\n","protected":false},"excerpt":{"rendered":"<p>Responsable de la protection des renseignements personnels Daniel De Masi danield@prolex.com Il est important pour Prolex Electronics Inc. respecter votre droit \u00e0 la vie priv\u00e9.\u00a0 C\u2019est dans cette optique que nous souhaitions vous informer de la mani\u00e8re dont Prolex Electronics Inc. recueille, utilise et prot\u00e8ge vos informations personnelles. Le site Internet de Prolex Electronics Inc. [&hellip;]<\/p>\n","protected":false},"author":1,"featured_media":0,"parent":0,"menu_order":0,"comment_status":"closed","ping_status":"closed","template":"","meta":{"footnotes":""},"class_list":["post-5292","page","type-page","status-publish","hentry","no-thumb"],"aioseo_notices":[],"_links":{"self":[{"href":"https:\/\/www.prolex.com\/fr\/wp-json\/wp\/v2\/pages\/5292","targetHints":{"allow":["GET"]}}],"collection":[{"href":"https:\/\/www.prolex.com\/fr\/wp-json\/wp\/v2\/pages"}],"about":[{"href":"https:\/\/www.prolex.com\/fr\/wp-json\/wp\/v2\/types\/page"}],"author":[{"embeddable":true,"href":"https:\/\/www.prolex.com\/fr\/wp-json\/wp\/v2\/users\/1"}],"replies":[{"embeddable":true,"href":"https:\/\/www.prolex.com\/fr\/wp-json\/wp\/v2\/comments?post=5292"}],"version-history":[{"count":5,"href":"https:\/\/www.prolex.com\/fr\/wp-json\/wp\/v2\/pages\/5292\/revisions"}],"predecessor-version":[{"id":5325,"href":"https:\/\/www.prolex.com\/fr\/wp-json\/wp\/v2\/pages\/5292\/revisions\/5325"}],"wp:attachment":[{"href":"https:\/\/www.prolex.com\/fr\/wp-json\/wp\/v2\/media?parent=5292"}],"curies":[{"name":"wp","href":"https:\/\/api.w.org\/{rel}","templated":true}]}}