{"id":3263,"date":"2019-05-28T15:34:39","date_gmt":"2019-05-28T19:34:39","guid":{"rendered":"https:\/\/prolex.com\/?page_id=3263"},"modified":"2023-06-20T16:37:17","modified_gmt":"2023-06-20T21:37:17","slug":"certifications","status":"publish","type":"page","link":"https:\/\/www.prolex.com\/fr\/certifications\/","title":{"rendered":"Certifications"},"content":{"rendered":"\t\t<div data-elementor-type=\"wp-page\" data-elementor-id=\"3263\" class=\"elementor elementor-3263 elementor-2988\">\n\t\t\t\t\t\t<section class=\"elementor-section elementor-top-section elementor-element elementor-element-b0a64bd elementor-section-boxed elementor-section-height-default elementor-section-height-default\" data-id=\"b0a64bd\" data-element_type=\"section\" data-e-type=\"section\" data-settings=\"{&quot;jet_parallax_layout_list&quot;:[]}\">\n\t\t\t\t\t\t<div class=\"elementor-container elementor-column-gap-wide\">\n\t\t\t\t\t<div class=\"elementor-column elementor-col-33 elementor-top-column elementor-element elementor-element-fe2dd69\" data-id=\"fe2dd69\" data-element_type=\"column\" data-e-type=\"column\">\n\t\t\t<div class=\"elementor-widget-wrap elementor-element-populated\">\n\t\t\t\t\t\t<div class=\"elementor-element elementor-element-59d72c2 elementor-widget elementor-widget-jet-animated-box\" data-id=\"59d72c2\" data-element_type=\"widget\" data-e-type=\"widget\" data-widget_type=\"jet-animated-box.default\">\n\t\t\t\t<div class=\"elementor-widget-container\">\n\t\t\t\t\t<div class=\"elementor-jet-animated-box jet-elements\"><div id=\"jet-animated-box-59d72c2\" class=\"jet-animated-box jet-box-effect-15\" data-settings='{&quot;widgetId&quot;:&quot;59d72c2&quot;,&quot;switchEventType&quot;:&quot;hover&quot;,&quot;paperFoldDirection&quot;:&quot;left&quot;,&quot;slideOutDirection&quot;:&quot;left&quot;,&quot;peelCornerPosition&quot;:&quot;right&quot;}'>\n\t<div id=\"jet-animated-box__front-59d72c2\" class=\"jet-animated-box__front\">\n\t\t<div class=\"jet-animated-box__inner\"><div class=\"jet-animated-box__content\"><\/div><\/div>\n\t\t<div class=\"jet-animated-box__overlay\"><\/div><\/div>\n\t<div id=\"jet-animated-box__back-59d72c2\" class=\"jet-animated-box__back\">\n\t\t<div class=\"jet-animated-box__inner\"><div class=\"jet-animated-box__content\"><h3 class=\"jet-animated-box__title jet-animated-box__title--back\">CERTIFICAT DE<\/h3><h4 class=\"jet-animated-box__subtitle jet-animated-box__subtitle--back\">COMFORMIT\u00c9<\/h4><a class=\"elementor-button elementor-size-md jet-animated-box__button jet-animated-box__button--back jet-animated-box__button--icon-\" href=\"\/wp-content\/uploads\/2023\/06\/Certificate-of-Compliance.pdf\" target=\"_blank\" rel=\"nofollow\"><span class=\"jet-animated-box__button-text\">EN SAVOIR PLUS<\/span><\/a>\n\n<\/div><\/div>\n\t\t<div class=\"jet-animated-box__overlay\"><\/div><\/div>\n<\/div>\n<\/div>\t\t\t\t<\/div>\n\t\t\t\t<\/div>\n\t\t\t\t\t<\/div>\n\t\t<\/div>\n\t\t\t\t<div class=\"elementor-column elementor-col-33 elementor-top-column elementor-element elementor-element-4bc30fd\" data-id=\"4bc30fd\" data-element_type=\"column\" data-e-type=\"column\">\n\t\t\t<div class=\"elementor-widget-wrap elementor-element-populated\">\n\t\t\t\t\t\t<div class=\"elementor-element elementor-element-107b000 elementor-widget elementor-widget-jet-animated-box\" data-id=\"107b000\" data-element_type=\"widget\" data-e-type=\"widget\" data-widget_type=\"jet-animated-box.default\">\n\t\t\t\t<div class=\"elementor-widget-container\">\n\t\t\t\t\t<div class=\"elementor-jet-animated-box jet-elements\"><div id=\"jet-animated-box-107b000\" class=\"jet-animated-box jet-box-effect-15\" data-settings='{&quot;widgetId&quot;:&quot;107b000&quot;,&quot;switchEventType&quot;:&quot;hover&quot;,&quot;paperFoldDirection&quot;:&quot;left&quot;,&quot;slideOutDirection&quot;:&quot;left&quot;,&quot;peelCornerPosition&quot;:&quot;right&quot;}'>\n\t<div id=\"jet-animated-box__front-107b000\" class=\"jet-animated-box__front\">\n\t\t<div class=\"jet-animated-box__inner\"><div class=\"jet-animated-box__content\"><\/div><\/div>\n\t\t<div class=\"jet-animated-box__overlay\"><\/div><\/div>\n\t<div id=\"jet-animated-box__back-107b000\" class=\"jet-animated-box__back\">\n\t\t<div class=\"jet-animated-box__inner\"><div class=\"jet-animated-box__content\"><h3 class=\"jet-animated-box__title jet-animated-box__title--back\">CERTIFICAT D'<\/h3><h4 class=\"jet-animated-box__subtitle jet-animated-box__subtitle--back\">enregistrement<\/h4><a class=\"elementor-button elementor-size-md jet-animated-box__button jet-animated-box__button--back jet-animated-box__button--icon-\" href=\"\/wp-content\/uploads\/2023\/06\/Prolex-Certificate-of-registration.pdf\" target=\"_blank\" rel=\"nofollow\"><span class=\"jet-animated-box__button-text\">EN SAVOIR PLUS<\/span><\/a>\n\n<\/div><\/div>\n\t\t<div class=\"jet-animated-box__overlay\"><\/div><\/div>\n<\/div>\n<\/div>\t\t\t\t<\/div>\n\t\t\t\t<\/div>\n\t\t\t\t\t<\/div>\n\t\t<\/div>\n\t\t\t\t<div class=\"elementor-column elementor-col-33 elementor-top-column elementor-element elementor-element-fa404f4\" data-id=\"fa404f4\" data-element_type=\"column\" data-e-type=\"column\">\n\t\t\t<div class=\"elementor-widget-wrap elementor-element-populated\">\n\t\t\t\t\t\t<div class=\"elementor-element elementor-element-7eb1ed2 elementor-widget elementor-widget-jet-animated-box\" data-id=\"7eb1ed2\" data-element_type=\"widget\" data-e-type=\"widget\" data-widget_type=\"jet-animated-box.default\">\n\t\t\t\t<div class=\"elementor-widget-container\">\n\t\t\t\t\t<div class=\"elementor-jet-animated-box jet-elements\"><div id=\"jet-animated-box-7eb1ed2\" class=\"jet-animated-box jet-box-effect-15\" data-settings='{&quot;widgetId&quot;:&quot;7eb1ed2&quot;,&quot;switchEventType&quot;:&quot;hover&quot;,&quot;paperFoldDirection&quot;:&quot;left&quot;,&quot;slideOutDirection&quot;:&quot;left&quot;,&quot;peelCornerPosition&quot;:&quot;right&quot;}'>\n\t<div id=\"jet-animated-box__front-7eb1ed2\" class=\"jet-animated-box__front\">\n\t\t<div class=\"jet-animated-box__inner\"><div class=\"jet-animated-box__content\"><\/div><\/div>\n\t\t<div class=\"jet-animated-box__overlay\"><\/div><\/div>\n\t<div id=\"jet-animated-box__back-7eb1ed2\" class=\"jet-animated-box__back\">\n\t\t<div class=\"jet-animated-box__inner\"><div class=\"jet-animated-box__content\"><h3 class=\"jet-animated-box__title jet-animated-box__title--back\">ACCORD<\/h3><h4 class=\"jet-animated-box__subtitle jet-animated-box__subtitle--back\">UL<\/h4><a class=\"elementor-button elementor-size-md jet-animated-box__button jet-animated-box__button--back jet-animated-box__button--icon-\" href=\"\/wp-content\/uploads\/2023\/06\/Prolex-UL-Agreement.pdf\" target=\"_blank\" rel=\"nofollow\"><span class=\"jet-animated-box__button-text\">EN SAVOIR PLUS<\/span><\/a>\n\n<\/div><\/div>\n\t\t<div class=\"jet-animated-box__overlay\"><\/div><\/div>\n<\/div>\n<\/div>\t\t\t\t<\/div>\n\t\t\t\t<\/div>\n\t\t\t\t\t<\/div>\n\t\t<\/div>\n\t\t\t\t\t<\/div>\n\t\t<\/section>\n\t\t\t\t<section class=\"elementor-section elementor-top-section elementor-element elementor-element-4525ad6 elementor-section-boxed elementor-section-height-default elementor-section-height-default\" data-id=\"4525ad6\" data-element_type=\"section\" data-e-type=\"section\" data-settings=\"{&quot;jet_parallax_layout_list&quot;:[]}\">\n\t\t\t\t\t\t<div class=\"elementor-container elementor-column-gap-wide\">\n\t\t\t\t\t<div class=\"elementor-column elementor-col-50 elementor-top-column elementor-element elementor-element-d467014\" data-id=\"d467014\" data-element_type=\"column\" data-e-type=\"column\">\n\t\t\t<div class=\"elementor-widget-wrap elementor-element-populated\">\n\t\t\t\t\t\t<div class=\"elementor-element elementor-element-ee1978f elementor-widget elementor-widget-jet-animated-box\" data-id=\"ee1978f\" data-element_type=\"widget\" data-e-type=\"widget\" data-widget_type=\"jet-animated-box.default\">\n\t\t\t\t<div class=\"elementor-widget-container\">\n\t\t\t\t\t<div class=\"elementor-jet-animated-box jet-elements\"><div id=\"jet-animated-box-ee1978f\" class=\"jet-animated-box jet-box-effect-15\" data-settings='{&quot;widgetId&quot;:&quot;ee1978f&quot;,&quot;switchEventType&quot;:&quot;hover&quot;,&quot;paperFoldDirection&quot;:&quot;left&quot;,&quot;slideOutDirection&quot;:&quot;left&quot;,&quot;peelCornerPosition&quot;:&quot;right&quot;}'>\n\t<div id=\"jet-animated-box__front-ee1978f\" class=\"jet-animated-box__front\">\n\t\t<div class=\"jet-animated-box__inner\"><div class=\"jet-animated-box__content\"><\/div><\/div>\n\t\t<div class=\"jet-animated-box__overlay\"><\/div><\/div>\n\t<div id=\"jet-animated-box__back-ee1978f\" class=\"jet-animated-box__back\">\n\t\t<div class=\"jet-animated-box__inner\"><div class=\"jet-animated-box__content\"><h3 class=\"jet-animated-box__title jet-animated-box__title--back\">CERTIFICAT DE<\/h3><h4 class=\"jet-animated-box__subtitle jet-animated-box__subtitle--back\">marchandises contr\u00f4l\u00e9es<\/h4><a class=\"elementor-button elementor-size-md jet-animated-box__button jet-animated-box__button--back jet-animated-box__button--icon-\" href=\"\/wp-content\/uploads\/2023\/06\/Prolex-Certificate-Controlled-goods-program.pdf\" target=\"_blank\" rel=\"nofollow\"><span class=\"jet-animated-box__button-text\">EN SAVOIR PLUS<\/span><\/a>\n\n<\/div><\/div>\n\t\t<div class=\"jet-animated-box__overlay\"><\/div><\/div>\n<\/div>\n<\/div>\t\t\t\t<\/div>\n\t\t\t\t<\/div>\n\t\t\t\t\t<\/div>\n\t\t<\/div>\n\t\t\t\t<div class=\"elementor-column elementor-col-50 elementor-top-column elementor-element elementor-element-72822e9\" data-id=\"72822e9\" data-element_type=\"column\" data-e-type=\"column\">\n\t\t\t<div class=\"elementor-widget-wrap elementor-element-populated\">\n\t\t\t\t\t\t<div class=\"elementor-element elementor-element-93dbc41 elementor-widget elementor-widget-jet-animated-box\" data-id=\"93dbc41\" data-element_type=\"widget\" data-e-type=\"widget\" data-widget_type=\"jet-animated-box.default\">\n\t\t\t\t<div class=\"elementor-widget-container\">\n\t\t\t\t\t<div class=\"elementor-jet-animated-box jet-elements\"><div id=\"jet-animated-box-93dbc41\" class=\"jet-animated-box jet-box-effect-15\" data-settings='{&quot;widgetId&quot;:&quot;93dbc41&quot;,&quot;switchEventType&quot;:&quot;hover&quot;,&quot;paperFoldDirection&quot;:&quot;left&quot;,&quot;slideOutDirection&quot;:&quot;left&quot;,&quot;peelCornerPosition&quot;:&quot;right&quot;}'>\n\t<div id=\"jet-animated-box__front-93dbc41\" class=\"jet-animated-box__front\">\n\t\t<div class=\"jet-animated-box__inner\"><div class=\"jet-animated-box__content\"><\/div><\/div>\n\t\t<div class=\"jet-animated-box__overlay\"><\/div><\/div>\n\t<div id=\"jet-animated-box__back-93dbc41\" class=\"jet-animated-box__back\">\n\t\t<div class=\"jet-animated-box__inner\"><div class=\"jet-animated-box__content\"><h3 class=\"jet-animated-box__title jet-animated-box__title--back\">PROLEX ET I.G.G.<\/h3><h4 class=\"jet-animated-box__subtitle jet-animated-box__subtitle--back\">ADH\u00c9SION \u00c0 L\u2019IPC<\/h4><a class=\"elementor-button elementor-size-md jet-animated-box__button jet-animated-box__button--back jet-animated-box__button--icon-\" href=\"\/wp-content\/uploads\/2023\/06\/Prolex-and-I.G.G-IPC-membership.pdf\" target=\"_blank\" rel=\"nofollow\"><span class=\"jet-animated-box__button-text\">EN SAVOIR PLUS<\/span><\/a>\n\n<\/div><\/div>\n\t\t<div class=\"jet-animated-box__overlay\"><\/div><\/div>\n<\/div>\n<\/div>\t\t\t\t<\/div>\n\t\t\t\t<\/div>\n\t\t\t\t\t<\/div>\n\t\t<\/div>\n\t\t\t\t\t<\/div>\n\t\t<\/section>\n\t\t\t\t<\/div>\n\t\t","protected":false},"excerpt":{"rendered":"<p>CERTIFICAT DE COMFORMIT\u00c9 EN SAVOIR PLUS CERTIFICAT D&rsquo; enregistrement EN SAVOIR PLUS ACCORD UL EN SAVOIR PLUS CERTIFICAT DE marchandises contr\u00f4l\u00e9es EN SAVOIR PLUS PROLEX ET I.G.G. ADH\u00c9SION \u00c0 L\u2019IPC EN SAVOIR PLUS<\/p>\n","protected":false},"author":1,"featured_media":0,"parent":0,"menu_order":0,"comment_status":"closed","ping_status":"closed","template":"","meta":{"footnotes":""},"class_list":["post-3263","page","type-page","status-publish","hentry","no-thumb"],"aioseo_notices":[],"_links":{"self":[{"href":"https:\/\/www.prolex.com\/fr\/wp-json\/wp\/v2\/pages\/3263","targetHints":{"allow":["GET"]}}],"collection":[{"href":"https:\/\/www.prolex.com\/fr\/wp-json\/wp\/v2\/pages"}],"about":[{"href":"https:\/\/www.prolex.com\/fr\/wp-json\/wp\/v2\/types\/page"}],"author":[{"embeddable":true,"href":"https:\/\/www.prolex.com\/fr\/wp-json\/wp\/v2\/users\/1"}],"replies":[{"embeddable":true,"href":"https:\/\/www.prolex.com\/fr\/wp-json\/wp\/v2\/comments?post=3263"}],"version-history":[{"count":25,"href":"https:\/\/www.prolex.com\/fr\/wp-json\/wp\/v2\/pages\/3263\/revisions"}],"predecessor-version":[{"id":5133,"href":"https:\/\/www.prolex.com\/fr\/wp-json\/wp\/v2\/pages\/3263\/revisions\/5133"}],"wp:attachment":[{"href":"https:\/\/www.prolex.com\/fr\/wp-json\/wp\/v2\/media?parent=3263"}],"curies":[{"name":"wp","href":"https:\/\/api.w.org\/{rel}","templated":true}]}}